{"id":7,"date":"2025-06-24T14:14:54","date_gmt":"2025-06-24T12:14:54","guid":{"rendered":"http:\/\/breizhappetit.fr\/?page_id=7"},"modified":"2025-07-09T14:42:05","modified_gmt":"2025-07-09T12:42:05","slug":"recettes-sucrees","status":"publish","type":"page","link":"https:\/\/breizhappetit.fr\/index.php\/recettes-sucrees\/","title":{"rendered":"Recettes Sucr\u00e9es"},"content":{"rendered":"\n<p>D\u00e9couvre notre s\u00e9lection irr\u00e9sistible de recettes sucr\u00e9es sur Breizh&rsquo;app\u00e9tit, o\u00f9 chaque lien t&rsquo;ouvre la porte \u00e0 un monde de d\u00e9lices gourmands.<\/p>\n\n\n\n<p>Amateur de desserts classiques ou originales, la collection vari\u00e9e de recettes saura satisfaire toutes tes envies sucr\u00e9es.<\/p>\n\n\n\n<p>Des g\u00e2teaux moelleux aux tartes fruit\u00e9es, en passant par des douceurs chocolat\u00e9es, chaque recette est soigneusement choisie pour t&rsquo;offrir une exp\u00e9rience culinaire inoubliable.<\/p>\n\n\n\n<p>N&rsquo;h\u00e9site pas \u00e0 explorer tes liens pour trouver l&rsquo;inspiration n\u00e9cessaire \u00e0 tes prochaines cr\u00e9ations p\u00e2tissi\u00e8res.<\/p>\n\n\n\n<p>Avec Breizh&rsquo;app\u00e9tit, la gourmandise n&rsquo;a jamais \u00e9t\u00e9 aussi accessible et plaisante !<\/p>\n\n\n<ul class=\"wp-block-latest-posts__list wp-block-latest-posts\"><li><div class=\"wp-block-latest-posts__featured-image alignleft\"><img loading=\"lazy\" decoding=\"async\" width=\"150\" height=\"150\" src=\"https:\/\/breizhappetit.fr\/wp-content\/uploads\/2025\/09\/IMG_20250905_153812-150x150.jpg\" class=\"attachment-thumbnail size-thumbnail wp-post-image\" alt=\"barquettes type lulu au nutella ou \u00e0 la confiture\" style=\"\" srcset=\"https:\/\/breizhappetit.fr\/wp-content\/uploads\/2025\/09\/IMG_20250905_153812-150x150.jpg 150w, https:\/\/breizhappetit.fr\/wp-content\/uploads\/2025\/09\/IMG_20250905_153812-500x500.jpg 500w\" sizes=\"auto, (max-width: 150px) 100vw, 150px\" \/><\/div><a class=\"wp-block-latest-posts__post-title\" href=\"https:\/\/breizhappetit.fr\/index.php\/2025\/09\/06\/barquettes-lulu-maison\/\">barquettes Lulu maison : un go\u00fbter r\u00e9gressif et irr\u00e9sistible<\/a><div class=\"wp-block-latest-posts__post-excerpt\">Tu te souviens des c\u00e9l\u00e8bres barquettes Lulu de ton enfance ? Eh bien, plus besoin d\u2019aller les acheter : tu peux d\u00e9sormais les r\u00e9aliser toi-m\u00eame en version maison ! Moelleuses, gourmandes et garnies de confiture ou de p\u00e2te \u00e0 tartiner, elles sont parfaites pour un go\u00fbter nostalgique et ultra r\u00e9confortant.<\/div><\/li>\n<li><div class=\"wp-block-latest-posts__featured-image alignleft\"><img loading=\"lazy\" decoding=\"async\" width=\"150\" height=\"150\" src=\"https:\/\/breizhappetit.fr\/wp-content\/uploads\/2025\/08\/1000007491-150x150.jpg\" class=\"attachment-thumbnail size-thumbnail wp-post-image\" alt=\"Deux twix maison dont un coup\u00e9 sur une assiette\" style=\"\" srcset=\"https:\/\/breizhappetit.fr\/wp-content\/uploads\/2025\/08\/1000007491-150x150.jpg 150w, https:\/\/breizhappetit.fr\/wp-content\/uploads\/2025\/08\/1000007491-500x500.jpg 500w\" sizes=\"auto, (max-width: 150px) 100vw, 150px\" \/><\/div><a class=\"wp-block-latest-posts__post-title\" href=\"https:\/\/breizhappetit.fr\/index.php\/2025\/08\/09\/twix-maison-la-gourmandise-ultime\/\">\ud83c\udf6b Twix maison : la gourmandise ultime<\/a><div class=\"wp-block-latest-posts__post-excerpt\">D\u00e9couvrez la recette facile et gourmande du Twix maison avec p\u00e2te sabl\u00e9e, caramel beurre sal\u00e9 et chocolat. <\/div><\/li>\n<li><div class=\"wp-block-latest-posts__featured-image alignleft\"><img loading=\"lazy\" decoding=\"async\" width=\"150\" height=\"150\" src=\"https:\/\/breizhappetit.fr\/wp-content\/uploads\/2025\/07\/1000007191-150x150.jpg\" class=\"attachment-thumbnail size-thumbnail wp-post-image\" alt=\"Sabl\u00e9s aux figues fa\u00e7on figolu\" style=\"\" \/><\/div><a class=\"wp-block-latest-posts__post-title\" href=\"https:\/\/breizhappetit.fr\/index.php\/2025\/07\/27\/sables-figues-maison-facon-figolu\/\">Sabl\u00e9s aux figues maison fa\u00e7on Figolu \ud83c\udf6a<\/a><div class=\"wp-block-latest-posts__post-excerpt\">Red\u00e9couvrez le go\u00fbt de l&rsquo;enfance avec ces sabl\u00e9s aux figues maison fa\u00e7on Figolu : une p\u00e2te sabl\u00e9e fondante et un confit de figues.<\/div><\/li>\n<li><div class=\"wp-block-latest-posts__featured-image alignleft\"><img loading=\"lazy\" decoding=\"async\" width=\"150\" height=\"150\" src=\"https:\/\/breizhappetit.fr\/wp-content\/uploads\/2025\/07\/1000007111-150x150.png\" class=\"attachment-thumbnail size-thumbnail wp-post-image\" alt=\"barre de c\u00e9r\u00e9ales\" style=\"\" \/><\/div><a class=\"wp-block-latest-posts__post-title\" href=\"https:\/\/breizhappetit.fr\/index.php\/2025\/07\/23\/barres-cereales-maison-chocolat\/\">\ud83c\udf6b Barres de c\u00e9r\u00e9ales healthy maison<\/a><div class=\"wp-block-latest-posts__post-excerpt\">D\u00e9couvrez cette recette facile et healthy de barres de c\u00e9r\u00e9ales aux flocons d\u2019avoine, \u00e9peautre et p\u00e9pites de chocolat.<\/div><\/li>\n<li><div class=\"wp-block-latest-posts__featured-image alignleft\"><img loading=\"lazy\" decoding=\"async\" width=\"150\" height=\"150\" src=\"https:\/\/breizhappetit.fr\/wp-content\/uploads\/2025\/07\/IMG_20250708_112556-150x150.jpg\" class=\"attachment-thumbnail size-thumbnail wp-post-image\" alt=\"Glace vanille et glace mangue\" style=\"\" \/><\/div><a class=\"wp-block-latest-posts__post-title\" href=\"https:\/\/breizhappetit.fr\/index.php\/2025\/07\/08\/glaces-maison-vanille-mangue-recette-facile\/\">\ud83c\udf1e Glaces maison vanille et mangue : recette facile<\/a><div class=\"wp-block-latest-posts__post-excerpt\">Rafra\u00eechis-toi avec ces glaces maison vanille et mangue faciles, sans sorbeti\u00e8re. Un duo tropical parfait pour l&rsquo;\u00e9t\u00e9, 100% fait maison !\n<\/div><\/li>\n<\/ul>\n\n\n<p>Tu aimeras aussi les <a href=\"https:\/\/breizhappetit.fr\/index.php\/recettes-salees\/\">recettes sal\u00e9es <\/a><\/p>\n\n\n\n<p>Si tu veux voir les <a href=\"https:\/\/www.tiktok.com\/@breizhappetit\">recettes en vid\u00e9o<\/a><\/p>\n","protected":false},"excerpt":{"rendered":"<p>D\u00e9couvre notre s\u00e9lection irr\u00e9sistible de recettes sucr\u00e9es sur Breizh&rsquo;app\u00e9tit, o\u00f9 chaque lien t&rsquo;ouvre la porte \u00e0 un monde de d\u00e9lices gourmands. Amateur de desserts classiques ou originales, la collection vari\u00e9e de recettes saura satisfaire toutes tes envies sucr\u00e9es. Des g\u00e2teaux moelleux aux tartes fruit\u00e9es, en passant par des douceurs chocolat\u00e9es, chaque recette est soigneusement choisie [&hellip;]<\/p>\n","protected":false},"author":1,"featured_media":80,"parent":0,"menu_order":0,"comment_status":"closed","ping_status":"closed","template":"","meta":{"footnotes":""},"class_list":["post-7","page","type-page","status-publish","has-post-thumbnail","hentry"],"yoast_head":"<!-- This site is optimized with the Yoast SEO plugin v25.6 - https:\/\/yoast.com\/wordpress\/plugins\/seo\/ -->\n<title>Recettes Sucr\u00e9es - Breizh&#039; App\u00e9tit !<\/title>\n<meta name=\"description\" content=\"D\u00e9couvre une s\u00e9lection de recettes sucr\u00e9es irr\u00e9sistible et gourmandes.\" \/>\n<meta name=\"robots\" content=\"index, follow, max-snippet:-1, max-image-preview:large, max-video-preview:-1\" \/>\n<link rel=\"canonical\" href=\"https:\/\/breizhappetit.fr\/index.php\/recettes-sucrees\/\" \/>\n<meta property=\"og:locale\" content=\"fr_FR\" \/>\n<meta property=\"og:type\" content=\"article\" \/>\n<meta property=\"og:title\" content=\"Recettes Sucr\u00e9es - Breizh&#039; App\u00e9tit !\" \/>\n<meta property=\"og:description\" content=\"D\u00e9couvre une s\u00e9lection de recettes sucr\u00e9es irr\u00e9sistible et gourmandes.\" \/>\n<meta property=\"og:url\" content=\"https:\/\/breizhappetit.fr\/index.php\/recettes-sucrees\/\" \/>\n<meta property=\"og:site_name\" content=\"Breizh&#039; App\u00e9tit !\" \/>\n<meta property=\"article:publisher\" content=\"https:\/\/www.facebook.com\/breizhappetit\/\" \/>\n<meta property=\"article:modified_time\" content=\"2025-07-09T12:42:05+00:00\" \/>\n<meta property=\"og:image\" content=\"https:\/\/breizhappetit.fr\/wp-content\/uploads\/2025\/06\/IMG_20200423_170529-scaled.jpg\" \/>\n\t<meta property=\"og:image:width\" content=\"2560\" \/>\n\t<meta property=\"og:image:height\" content=\"1834\" \/>\n\t<meta property=\"og:image:type\" content=\"image\/jpeg\" \/>\n<meta name=\"twitter:card\" content=\"summary_large_image\" \/>\n<meta name=\"twitter:label1\" content=\"Dur\u00e9e de lecture estim\u00e9e\" \/>\n\t<meta name=\"twitter:data1\" content=\"1 minute\" \/>\n<script type=\"application\/ld+json\" class=\"yoast-schema-graph\">{\"@context\":\"https:\/\/schema.org\",\"@graph\":[{\"@type\":\"WebPage\",\"@id\":\"https:\/\/breizhappetit.fr\/index.php\/recettes-sucrees\/\",\"url\":\"https:\/\/breizhappetit.fr\/index.php\/recettes-sucrees\/\",\"name\":\"Recettes Sucr\u00e9es - Breizh&#039; App\u00e9tit !\",\"isPartOf\":{\"@id\":\"https:\/\/breizhappetit.fr\/#website\"},\"primaryImageOfPage\":{\"@id\":\"https:\/\/breizhappetit.fr\/index.php\/recettes-sucrees\/#primaryimage\"},\"image\":{\"@id\":\"https:\/\/breizhappetit.fr\/index.php\/recettes-sucrees\/#primaryimage\"},\"thumbnailUrl\":\"https:\/\/breizhappetit.fr\/wp-content\/uploads\/2025\/06\/IMG_20200423_170529-scaled.jpg\",\"datePublished\":\"2025-06-24T12:14:54+00:00\",\"dateModified\":\"2025-07-09T12:42:05+00:00\",\"description\":\"D\u00e9couvre une s\u00e9lection de recettes sucr\u00e9es irr\u00e9sistible et gourmandes.\",\"breadcrumb\":{\"@id\":\"https:\/\/breizhappetit.fr\/index.php\/recettes-sucrees\/#breadcrumb\"},\"inLanguage\":\"fr-FR\",\"potentialAction\":[{\"@type\":\"ReadAction\",\"target\":[\"https:\/\/breizhappetit.fr\/index.php\/recettes-sucrees\/\"]}]},{\"@type\":\"ImageObject\",\"inLanguage\":\"fr-FR\",\"@id\":\"https:\/\/breizhappetit.fr\/index.php\/recettes-sucrees\/#primaryimage\",\"url\":\"https:\/\/breizhappetit.fr\/wp-content\/uploads\/2025\/06\/IMG_20200423_170529-scaled.jpg\",\"contentUrl\":\"https:\/\/breizhappetit.fr\/wp-content\/uploads\/2025\/06\/IMG_20200423_170529-scaled.jpg\",\"width\":2560,\"height\":1834,\"caption\":\"chouquettes\"},{\"@type\":\"BreadcrumbList\",\"@id\":\"https:\/\/breizhappetit.fr\/index.php\/recettes-sucrees\/#breadcrumb\",\"itemListElement\":[{\"@type\":\"ListItem\",\"position\":1,\"name\":\"Accueil\",\"item\":\"https:\/\/breizhappetit.fr\/\"},{\"@type\":\"ListItem\",\"position\":2,\"name\":\"Recettes Sucr\u00e9es\"}]},{\"@type\":\"WebSite\",\"@id\":\"https:\/\/breizhappetit.fr\/#website\",\"url\":\"https:\/\/breizhappetit.fr\/\",\"name\":\"Breizh' App\u00e9tit !\",\"description\":\"Le blog de cuisine d&#039;une mouette\",\"publisher\":{\"@id\":\"https:\/\/breizhappetit.fr\/#organization\"},\"potentialAction\":[{\"@type\":\"SearchAction\",\"target\":{\"@type\":\"EntryPoint\",\"urlTemplate\":\"https:\/\/breizhappetit.fr\/?s={search_term_string}\"},\"query-input\":{\"@type\":\"PropertyValueSpecification\",\"valueRequired\":true,\"valueName\":\"search_term_string\"}}],\"inLanguage\":\"fr-FR\"},{\"@type\":\"Organization\",\"@id\":\"https:\/\/breizhappetit.fr\/#organization\",\"name\":\"Breizh' App\u00e9tit !\",\"url\":\"https:\/\/breizhappetit.fr\/\",\"logo\":{\"@type\":\"ImageObject\",\"inLanguage\":\"fr-FR\",\"@id\":\"https:\/\/breizhappetit.fr\/#\/schema\/logo\/image\/\",\"url\":\"https:\/\/breizhappetit.fr\/wp-content\/uploads\/2025\/06\/cropped-logo-breizhappetit-3-1.png\",\"contentUrl\":\"https:\/\/breizhappetit.fr\/wp-content\/uploads\/2025\/06\/cropped-logo-breizhappetit-3-1.png\",\"width\":512,\"height\":512,\"caption\":\"Breizh' App\u00e9tit !\"},\"image\":{\"@id\":\"https:\/\/breizhappetit.fr\/#\/schema\/logo\/image\/\"},\"sameAs\":[\"https:\/\/www.facebook.com\/breizhappetit\/\",\"https:\/\/www.tiktok.com\/@breizhappetit\",\"https:\/\/fr.pinterest.com\/breizhapp\/\",\"https:\/\/www.instagram.com\/breizhappetit\/\",\"https:\/\/www.youtube.com\/channel\/UC32NEDcloqzOaUCbENG8-lw\"]}]}<\/script>\n<!-- \/ Yoast SEO plugin. -->","yoast_head_json":{"title":"Recettes Sucr\u00e9es - Breizh&#039; App\u00e9tit !","description":"D\u00e9couvre une s\u00e9lection de recettes sucr\u00e9es irr\u00e9sistible et gourmandes.","robots":{"index":"index","follow":"follow","max-snippet":"max-snippet:-1","max-image-preview":"max-image-preview:large","max-video-preview":"max-video-preview:-1"},"canonical":"https:\/\/breizhappetit.fr\/index.php\/recettes-sucrees\/","og_locale":"fr_FR","og_type":"article","og_title":"Recettes Sucr\u00e9es - Breizh&#039; App\u00e9tit !","og_description":"D\u00e9couvre une s\u00e9lection de recettes sucr\u00e9es irr\u00e9sistible et gourmandes.","og_url":"https:\/\/breizhappetit.fr\/index.php\/recettes-sucrees\/","og_site_name":"Breizh&#039; App\u00e9tit !","article_publisher":"https:\/\/www.facebook.com\/breizhappetit\/","article_modified_time":"2025-07-09T12:42:05+00:00","og_image":[{"width":2560,"height":1834,"url":"https:\/\/breizhappetit.fr\/wp-content\/uploads\/2025\/06\/IMG_20200423_170529-scaled.jpg","type":"image\/jpeg"}],"twitter_card":"summary_large_image","twitter_misc":{"Dur\u00e9e de lecture estim\u00e9e":"1 minute"},"schema":{"@context":"https:\/\/schema.org","@graph":[{"@type":"WebPage","@id":"https:\/\/breizhappetit.fr\/index.php\/recettes-sucrees\/","url":"https:\/\/breizhappetit.fr\/index.php\/recettes-sucrees\/","name":"Recettes Sucr\u00e9es - Breizh&#039; App\u00e9tit !","isPartOf":{"@id":"https:\/\/breizhappetit.fr\/#website"},"primaryImageOfPage":{"@id":"https:\/\/breizhappetit.fr\/index.php\/recettes-sucrees\/#primaryimage"},"image":{"@id":"https:\/\/breizhappetit.fr\/index.php\/recettes-sucrees\/#primaryimage"},"thumbnailUrl":"https:\/\/breizhappetit.fr\/wp-content\/uploads\/2025\/06\/IMG_20200423_170529-scaled.jpg","datePublished":"2025-06-24T12:14:54+00:00","dateModified":"2025-07-09T12:42:05+00:00","description":"D\u00e9couvre une s\u00e9lection de recettes sucr\u00e9es irr\u00e9sistible et gourmandes.","breadcrumb":{"@id":"https:\/\/breizhappetit.fr\/index.php\/recettes-sucrees\/#breadcrumb"},"inLanguage":"fr-FR","potentialAction":[{"@type":"ReadAction","target":["https:\/\/breizhappetit.fr\/index.php\/recettes-sucrees\/"]}]},{"@type":"ImageObject","inLanguage":"fr-FR","@id":"https:\/\/breizhappetit.fr\/index.php\/recettes-sucrees\/#primaryimage","url":"https:\/\/breizhappetit.fr\/wp-content\/uploads\/2025\/06\/IMG_20200423_170529-scaled.jpg","contentUrl":"https:\/\/breizhappetit.fr\/wp-content\/uploads\/2025\/06\/IMG_20200423_170529-scaled.jpg","width":2560,"height":1834,"caption":"chouquettes"},{"@type":"BreadcrumbList","@id":"https:\/\/breizhappetit.fr\/index.php\/recettes-sucrees\/#breadcrumb","itemListElement":[{"@type":"ListItem","position":1,"name":"Accueil","item":"https:\/\/breizhappetit.fr\/"},{"@type":"ListItem","position":2,"name":"Recettes Sucr\u00e9es"}]},{"@type":"WebSite","@id":"https:\/\/breizhappetit.fr\/#website","url":"https:\/\/breizhappetit.fr\/","name":"Breizh' App\u00e9tit !","description":"Le blog de cuisine d&#039;une mouette","publisher":{"@id":"https:\/\/breizhappetit.fr\/#organization"},"potentialAction":[{"@type":"SearchAction","target":{"@type":"EntryPoint","urlTemplate":"https:\/\/breizhappetit.fr\/?s={search_term_string}"},"query-input":{"@type":"PropertyValueSpecification","valueRequired":true,"valueName":"search_term_string"}}],"inLanguage":"fr-FR"},{"@type":"Organization","@id":"https:\/\/breizhappetit.fr\/#organization","name":"Breizh' App\u00e9tit !","url":"https:\/\/breizhappetit.fr\/","logo":{"@type":"ImageObject","inLanguage":"fr-FR","@id":"https:\/\/breizhappetit.fr\/#\/schema\/logo\/image\/","url":"https:\/\/breizhappetit.fr\/wp-content\/uploads\/2025\/06\/cropped-logo-breizhappetit-3-1.png","contentUrl":"https:\/\/breizhappetit.fr\/wp-content\/uploads\/2025\/06\/cropped-logo-breizhappetit-3-1.png","width":512,"height":512,"caption":"Breizh' App\u00e9tit !"},"image":{"@id":"https:\/\/breizhappetit.fr\/#\/schema\/logo\/image\/"},"sameAs":["https:\/\/www.facebook.com\/breizhappetit\/","https:\/\/www.tiktok.com\/@breizhappetit","https:\/\/fr.pinterest.com\/breizhapp\/","https:\/\/www.instagram.com\/breizhappetit\/","https:\/\/www.youtube.com\/channel\/UC32NEDcloqzOaUCbENG8-lw"]}]}},"jetpack_sharing_enabled":true,"_links":{"self":[{"href":"https:\/\/breizhappetit.fr\/index.php\/wp-json\/wp\/v2\/pages\/7","targetHints":{"allow":["GET"]}}],"collection":[{"href":"https:\/\/breizhappetit.fr\/index.php\/wp-json\/wp\/v2\/pages"}],"about":[{"href":"https:\/\/breizhappetit.fr\/index.php\/wp-json\/wp\/v2\/types\/page"}],"author":[{"embeddable":true,"href":"https:\/\/breizhappetit.fr\/index.php\/wp-json\/wp\/v2\/users\/1"}],"replies":[{"embeddable":true,"href":"https:\/\/breizhappetit.fr\/index.php\/wp-json\/wp\/v2\/comments?post=7"}],"version-history":[{"count":4,"href":"https:\/\/breizhappetit.fr\/index.php\/wp-json\/wp\/v2\/pages\/7\/revisions"}],"predecessor-version":[{"id":243,"href":"https:\/\/breizhappetit.fr\/index.php\/wp-json\/wp\/v2\/pages\/7\/revisions\/243"}],"wp:featuredmedia":[{"embeddable":true,"href":"https:\/\/breizhappetit.fr\/index.php\/wp-json\/wp\/v2\/media\/80"}],"wp:attachment":[{"href":"https:\/\/breizhappetit.fr\/index.php\/wp-json\/wp\/v2\/media?parent=7"}],"curies":[{"name":"wp","href":"https:\/\/api.w.org\/{rel}","templated":true}]}}