{"id":9,"date":"2025-06-24T14:14:26","date_gmt":"2025-06-24T12:14:26","guid":{"rendered":"http:\/\/breizhappetit.fr\/?page_id=9"},"modified":"2025-07-09T14:29:11","modified_gmt":"2025-07-09T12:29:11","slug":"cocktails","status":"publish","type":"page","link":"https:\/\/breizhappetit.fr\/index.php\/cocktails\/","title":{"rendered":"Cocktails"},"content":{"rendered":"\n<p>D\u00e9couvrez la page d\u00e9di\u00e9e aux recettes de cocktails sur Breizh&rsquo;app\u00e9tit, o\u00f9 chaque lien t&rsquo;ouvriras la porte \u00e0 des cr\u00e9ations savoureuses et rafra\u00eechissantes. <\/p>\n\n\n\n<p>Que tu sois amateur de classiques intemporels ou en qu\u00eate d&rsquo;innovations audacieuses, tu trouveras ici une s\u00e9lection vari\u00e9e qui saura ravir vos papilles. <\/p>\n\n\n\n<p>Chaque recette est soigneusement \u00e9labor\u00e9e pour t&rsquo;offrir une exp\u00e9rience unique. Il te suffit de cliquer sur les liens pour acc\u00e9der aux instructions d\u00e9taill\u00e9es. <\/p>\n\n\n\n<p>Pr\u00e9pare toi \u00e0 impressionner tes amis lors de tes soir\u00e9es. Et te faire plaisir avec un cocktail fait maison, le tout dans une ambiance conviviale et festive. <\/p>\n\n\n\n<p>N&rsquo;h\u00e9sites pas \u00e0 explorer et \u00e0 exp\u00e9rimenter, car chaque gorg\u00e9e est une invitation \u00e0 la d\u00e9couverte !<\/p>\n\n\n\n<p> Alors, pr\u00eats \u00e0 secouer tes shakers ? <\/p>\n\n\n<ul class=\"wp-block-latest-posts__list wp-block-latest-posts\"><li><div class=\"wp-block-latest-posts__featured-image alignleft\"><img loading=\"lazy\" decoding=\"async\" width=\"150\" height=\"150\" src=\"https:\/\/breizhappetit.fr\/wp-content\/uploads\/2025\/07\/1000006936-150x150.png\" class=\"attachment-thumbnail size-thumbnail wp-post-image\" alt=\"cocktail pina colada\" style=\"\" \/><\/div><a class=\"wp-block-latest-posts__post-title\" href=\"https:\/\/breizhappetit.fr\/index.php\/2025\/07\/10\/glace-pina-colada-pina-colada-glace\/\">Glace Pi\u00f1a Colada &amp; Pi\u00f1a Colada glac\u00e9<\/a><div class=\"wp-block-latest-posts__post-excerpt\">Rafra\u00eechis tes papilles avec ces deux recettes faciles de Pi\u00f1a Colada : une glace maison et un cocktail glac\u00e9. Avec ou sans alcool !<\/div><\/li>\n<li><div class=\"wp-block-latest-posts__featured-image alignleft\"><img loading=\"lazy\" decoding=\"async\" width=\"150\" height=\"150\" src=\"https:\/\/breizhappetit.fr\/wp-content\/uploads\/2025\/06\/IMG_20250624_145112-150x150.jpg\" class=\"attachment-thumbnail size-thumbnail wp-post-image\" alt=\"mojito avec une glace mojito\" style=\"\" \/><\/div><a class=\"wp-block-latest-posts__post-title\" href=\"https:\/\/breizhappetit.fr\/index.php\/2025\/06\/24\/mojito-glace-maison-recette-fraiche\/\">\ud83c\udf79 Mojito Glac\u00e9 Maison : la recette givr\u00e9e qui va faire fondre l&rsquo;\u00e9t\u00e9 !<\/a><div class=\"wp-block-latest-posts__post-excerpt\">Envie de fra\u00eecheur ? D\u00e9couvrez la recette facile du mojito glac\u00e9 maison : entre cocktail et dessert givr\u00e9, id\u00e9al pour rafra\u00eechir vos ap\u00e9ros d&rsquo;\u00e9t\u00e9 !<\/div><\/li>\n<\/ul>\n\n\n<p>Voir les recettes en <a href=\"https:\/\/www.tiktok.com\/@breizhappetit\">format vid\u00e9o<\/a> <\/p>\n\n\n\n<p>Tu peux \u00e9galement appr\u00e9ci\u00e9 les <a href=\"https:\/\/breizhappetit.fr\/index.php\/recettes-sucrees\/\">recettes sucr\u00e9es<\/a>  <\/p>\n","protected":false},"excerpt":{"rendered":"<p>D\u00e9couvrez la page d\u00e9di\u00e9e aux recettes de cocktails sur Breizh&rsquo;app\u00e9tit, o\u00f9 chaque lien t&rsquo;ouvriras la porte \u00e0 des cr\u00e9ations savoureuses et rafra\u00eechissantes. Que tu sois amateur de classiques intemporels ou en qu\u00eate d&rsquo;innovations audacieuses, tu trouveras ici une s\u00e9lection vari\u00e9e qui saura ravir vos papilles. Chaque recette est soigneusement \u00e9labor\u00e9e pour t&rsquo;offrir une exp\u00e9rience unique. [&hellip;]<\/p>\n","protected":false},"author":1,"featured_media":17,"parent":0,"menu_order":0,"comment_status":"closed","ping_status":"closed","template":"","meta":{"footnotes":""},"class_list":["post-9","page","type-page","status-publish","has-post-thumbnail","hentry"],"yoast_head":"<!-- This site is optimized with the Yoast SEO plugin v25.6 - https:\/\/yoast.com\/wordpress\/plugins\/seo\/ -->\n<title>Cocktails - Breizh&#039; App\u00e9tit !<\/title>\n<meta name=\"description\" content=\"D\u00e9couvrez des recettes de cocktails savoureux et amusants sur Breizh&#039;app\u00e9tit ! Mixez, savourez et faites la f\u00eate avec nous ! \ud83c\udf79\ud83c\udf89\" \/>\n<meta name=\"robots\" content=\"index, follow, max-snippet:-1, max-image-preview:large, max-video-preview:-1\" \/>\n<link rel=\"canonical\" href=\"https:\/\/breizhappetit.fr\/index.php\/cocktails\/\" \/>\n<meta property=\"og:locale\" content=\"fr_FR\" \/>\n<meta property=\"og:type\" content=\"article\" \/>\n<meta property=\"og:title\" content=\"Cocktails - Breizh&#039; App\u00e9tit !\" \/>\n<meta property=\"og:description\" content=\"D\u00e9couvrez des recettes de cocktails savoureux et amusants sur Breizh&#039;app\u00e9tit ! Mixez, savourez et faites la f\u00eate avec nous ! \ud83c\udf79\ud83c\udf89\" \/>\n<meta property=\"og:url\" content=\"https:\/\/breizhappetit.fr\/index.php\/cocktails\/\" \/>\n<meta property=\"og:site_name\" content=\"Breizh&#039; App\u00e9tit !\" \/>\n<meta property=\"article:publisher\" content=\"https:\/\/www.facebook.com\/breizhappetit\/\" \/>\n<meta property=\"article:modified_time\" content=\"2025-07-09T12:29:11+00:00\" \/>\n<meta property=\"og:image\" content=\"https:\/\/breizhappetit.fr\/wp-content\/uploads\/2025\/06\/IMG_20221027_155133-scaled.jpg\" \/>\n\t<meta property=\"og:image:width\" content=\"1916\" \/>\n\t<meta property=\"og:image:height\" content=\"2560\" \/>\n\t<meta property=\"og:image:type\" content=\"image\/jpeg\" \/>\n<meta name=\"twitter:card\" content=\"summary_large_image\" \/>\n<meta name=\"twitter:label1\" content=\"Dur\u00e9e de lecture estim\u00e9e\" \/>\n\t<meta name=\"twitter:data1\" content=\"1 minute\" \/>\n<script type=\"application\/ld+json\" class=\"yoast-schema-graph\">{\"@context\":\"https:\/\/schema.org\",\"@graph\":[{\"@type\":\"WebPage\",\"@id\":\"https:\/\/breizhappetit.fr\/index.php\/cocktails\/\",\"url\":\"https:\/\/breizhappetit.fr\/index.php\/cocktails\/\",\"name\":\"Cocktails - Breizh&#039; App\u00e9tit !\",\"isPartOf\":{\"@id\":\"https:\/\/breizhappetit.fr\/#website\"},\"primaryImageOfPage\":{\"@id\":\"https:\/\/breizhappetit.fr\/index.php\/cocktails\/#primaryimage\"},\"image\":{\"@id\":\"https:\/\/breizhappetit.fr\/index.php\/cocktails\/#primaryimage\"},\"thumbnailUrl\":\"https:\/\/breizhappetit.fr\/wp-content\/uploads\/2025\/06\/IMG_20221027_155133-scaled.jpg\",\"datePublished\":\"2025-06-24T12:14:26+00:00\",\"dateModified\":\"2025-07-09T12:29:11+00:00\",\"description\":\"D\u00e9couvrez des recettes de cocktails savoureux et amusants sur Breizh'app\u00e9tit ! Mixez, savourez et faites la f\u00eate avec nous ! \ud83c\udf79\ud83c\udf89\",\"breadcrumb\":{\"@id\":\"https:\/\/breizhappetit.fr\/index.php\/cocktails\/#breadcrumb\"},\"inLanguage\":\"fr-FR\",\"potentialAction\":[{\"@type\":\"ReadAction\",\"target\":[\"https:\/\/breizhappetit.fr\/index.php\/cocktails\/\"]}]},{\"@type\":\"ImageObject\",\"inLanguage\":\"fr-FR\",\"@id\":\"https:\/\/breizhappetit.fr\/index.php\/cocktails\/#primaryimage\",\"url\":\"https:\/\/breizhappetit.fr\/wp-content\/uploads\/2025\/06\/IMG_20221027_155133-scaled.jpg\",\"contentUrl\":\"https:\/\/breizhappetit.fr\/wp-content\/uploads\/2025\/06\/IMG_20221027_155133-scaled.jpg\",\"width\":1916,\"height\":2560,\"caption\":\"cocktail romarin\"},{\"@type\":\"BreadcrumbList\",\"@id\":\"https:\/\/breizhappetit.fr\/index.php\/cocktails\/#breadcrumb\",\"itemListElement\":[{\"@type\":\"ListItem\",\"position\":1,\"name\":\"Accueil\",\"item\":\"https:\/\/breizhappetit.fr\/\"},{\"@type\":\"ListItem\",\"position\":2,\"name\":\"Cocktails\"}]},{\"@type\":\"WebSite\",\"@id\":\"https:\/\/breizhappetit.fr\/#website\",\"url\":\"https:\/\/breizhappetit.fr\/\",\"name\":\"Breizh' App\u00e9tit !\",\"description\":\"Le blog de cuisine d&#039;une mouette\",\"publisher\":{\"@id\":\"https:\/\/breizhappetit.fr\/#organization\"},\"potentialAction\":[{\"@type\":\"SearchAction\",\"target\":{\"@type\":\"EntryPoint\",\"urlTemplate\":\"https:\/\/breizhappetit.fr\/?s={search_term_string}\"},\"query-input\":{\"@type\":\"PropertyValueSpecification\",\"valueRequired\":true,\"valueName\":\"search_term_string\"}}],\"inLanguage\":\"fr-FR\"},{\"@type\":\"Organization\",\"@id\":\"https:\/\/breizhappetit.fr\/#organization\",\"name\":\"Breizh' App\u00e9tit !\",\"url\":\"https:\/\/breizhappetit.fr\/\",\"logo\":{\"@type\":\"ImageObject\",\"inLanguage\":\"fr-FR\",\"@id\":\"https:\/\/breizhappetit.fr\/#\/schema\/logo\/image\/\",\"url\":\"https:\/\/breizhappetit.fr\/wp-content\/uploads\/2025\/06\/cropped-logo-breizhappetit-3-1.png\",\"contentUrl\":\"https:\/\/breizhappetit.fr\/wp-content\/uploads\/2025\/06\/cropped-logo-breizhappetit-3-1.png\",\"width\":512,\"height\":512,\"caption\":\"Breizh' App\u00e9tit !\"},\"image\":{\"@id\":\"https:\/\/breizhappetit.fr\/#\/schema\/logo\/image\/\"},\"sameAs\":[\"https:\/\/www.facebook.com\/breizhappetit\/\",\"https:\/\/www.tiktok.com\/@breizhappetit\",\"https:\/\/fr.pinterest.com\/breizhapp\/\",\"https:\/\/www.instagram.com\/breizhappetit\/\",\"https:\/\/www.youtube.com\/channel\/UC32NEDcloqzOaUCbENG8-lw\"]}]}<\/script>\n<!-- \/ Yoast SEO plugin. -->","yoast_head_json":{"title":"Cocktails - Breizh&#039; App\u00e9tit !","description":"D\u00e9couvrez des recettes de cocktails savoureux et amusants sur Breizh'app\u00e9tit ! Mixez, savourez et faites la f\u00eate avec nous ! \ud83c\udf79\ud83c\udf89","robots":{"index":"index","follow":"follow","max-snippet":"max-snippet:-1","max-image-preview":"max-image-preview:large","max-video-preview":"max-video-preview:-1"},"canonical":"https:\/\/breizhappetit.fr\/index.php\/cocktails\/","og_locale":"fr_FR","og_type":"article","og_title":"Cocktails - Breizh&#039; App\u00e9tit !","og_description":"D\u00e9couvrez des recettes de cocktails savoureux et amusants sur Breizh'app\u00e9tit ! Mixez, savourez et faites la f\u00eate avec nous ! \ud83c\udf79\ud83c\udf89","og_url":"https:\/\/breizhappetit.fr\/index.php\/cocktails\/","og_site_name":"Breizh&#039; App\u00e9tit !","article_publisher":"https:\/\/www.facebook.com\/breizhappetit\/","article_modified_time":"2025-07-09T12:29:11+00:00","og_image":[{"width":1916,"height":2560,"url":"https:\/\/breizhappetit.fr\/wp-content\/uploads\/2025\/06\/IMG_20221027_155133-scaled.jpg","type":"image\/jpeg"}],"twitter_card":"summary_large_image","twitter_misc":{"Dur\u00e9e de lecture estim\u00e9e":"1 minute"},"schema":{"@context":"https:\/\/schema.org","@graph":[{"@type":"WebPage","@id":"https:\/\/breizhappetit.fr\/index.php\/cocktails\/","url":"https:\/\/breizhappetit.fr\/index.php\/cocktails\/","name":"Cocktails - Breizh&#039; App\u00e9tit !","isPartOf":{"@id":"https:\/\/breizhappetit.fr\/#website"},"primaryImageOfPage":{"@id":"https:\/\/breizhappetit.fr\/index.php\/cocktails\/#primaryimage"},"image":{"@id":"https:\/\/breizhappetit.fr\/index.php\/cocktails\/#primaryimage"},"thumbnailUrl":"https:\/\/breizhappetit.fr\/wp-content\/uploads\/2025\/06\/IMG_20221027_155133-scaled.jpg","datePublished":"2025-06-24T12:14:26+00:00","dateModified":"2025-07-09T12:29:11+00:00","description":"D\u00e9couvrez des recettes de cocktails savoureux et amusants sur Breizh'app\u00e9tit ! Mixez, savourez et faites la f\u00eate avec nous ! \ud83c\udf79\ud83c\udf89","breadcrumb":{"@id":"https:\/\/breizhappetit.fr\/index.php\/cocktails\/#breadcrumb"},"inLanguage":"fr-FR","potentialAction":[{"@type":"ReadAction","target":["https:\/\/breizhappetit.fr\/index.php\/cocktails\/"]}]},{"@type":"ImageObject","inLanguage":"fr-FR","@id":"https:\/\/breizhappetit.fr\/index.php\/cocktails\/#primaryimage","url":"https:\/\/breizhappetit.fr\/wp-content\/uploads\/2025\/06\/IMG_20221027_155133-scaled.jpg","contentUrl":"https:\/\/breizhappetit.fr\/wp-content\/uploads\/2025\/06\/IMG_20221027_155133-scaled.jpg","width":1916,"height":2560,"caption":"cocktail romarin"},{"@type":"BreadcrumbList","@id":"https:\/\/breizhappetit.fr\/index.php\/cocktails\/#breadcrumb","itemListElement":[{"@type":"ListItem","position":1,"name":"Accueil","item":"https:\/\/breizhappetit.fr\/"},{"@type":"ListItem","position":2,"name":"Cocktails"}]},{"@type":"WebSite","@id":"https:\/\/breizhappetit.fr\/#website","url":"https:\/\/breizhappetit.fr\/","name":"Breizh' App\u00e9tit !","description":"Le blog de cuisine d&#039;une mouette","publisher":{"@id":"https:\/\/breizhappetit.fr\/#organization"},"potentialAction":[{"@type":"SearchAction","target":{"@type":"EntryPoint","urlTemplate":"https:\/\/breizhappetit.fr\/?s={search_term_string}"},"query-input":{"@type":"PropertyValueSpecification","valueRequired":true,"valueName":"search_term_string"}}],"inLanguage":"fr-FR"},{"@type":"Organization","@id":"https:\/\/breizhappetit.fr\/#organization","name":"Breizh' App\u00e9tit !","url":"https:\/\/breizhappetit.fr\/","logo":{"@type":"ImageObject","inLanguage":"fr-FR","@id":"https:\/\/breizhappetit.fr\/#\/schema\/logo\/image\/","url":"https:\/\/breizhappetit.fr\/wp-content\/uploads\/2025\/06\/cropped-logo-breizhappetit-3-1.png","contentUrl":"https:\/\/breizhappetit.fr\/wp-content\/uploads\/2025\/06\/cropped-logo-breizhappetit-3-1.png","width":512,"height":512,"caption":"Breizh' App\u00e9tit !"},"image":{"@id":"https:\/\/breizhappetit.fr\/#\/schema\/logo\/image\/"},"sameAs":["https:\/\/www.facebook.com\/breizhappetit\/","https:\/\/www.tiktok.com\/@breizhappetit","https:\/\/fr.pinterest.com\/breizhapp\/","https:\/\/www.instagram.com\/breizhappetit\/","https:\/\/www.youtube.com\/channel\/UC32NEDcloqzOaUCbENG8-lw"]}]}},"jetpack_sharing_enabled":true,"_links":{"self":[{"href":"https:\/\/breizhappetit.fr\/index.php\/wp-json\/wp\/v2\/pages\/9","targetHints":{"allow":["GET"]}}],"collection":[{"href":"https:\/\/breizhappetit.fr\/index.php\/wp-json\/wp\/v2\/pages"}],"about":[{"href":"https:\/\/breizhappetit.fr\/index.php\/wp-json\/wp\/v2\/types\/page"}],"author":[{"embeddable":true,"href":"https:\/\/breizhappetit.fr\/index.php\/wp-json\/wp\/v2\/users\/1"}],"replies":[{"embeddable":true,"href":"https:\/\/breizhappetit.fr\/index.php\/wp-json\/wp\/v2\/comments?post=9"}],"version-history":[{"count":7,"href":"https:\/\/breizhappetit.fr\/index.php\/wp-json\/wp\/v2\/pages\/9\/revisions"}],"predecessor-version":[{"id":238,"href":"https:\/\/breizhappetit.fr\/index.php\/wp-json\/wp\/v2\/pages\/9\/revisions\/238"}],"wp:featuredmedia":[{"embeddable":true,"href":"https:\/\/breizhappetit.fr\/index.php\/wp-json\/wp\/v2\/media\/17"}],"wp:attachment":[{"href":"https:\/\/breizhappetit.fr\/index.php\/wp-json\/wp\/v2\/media?parent=9"}],"curies":[{"name":"wp","href":"https:\/\/api.w.org\/{rel}","templated":true}]}}